{"id":2,"date":"2024-06-02T02:02:00","date_gmt":"2024-06-02T02:02:00","guid":{"rendered":"https:\/\/smaecs.com\/?page_id=2"},"modified":"2025-02-23T06:38:12","modified_gmt":"2025-02-23T06:38:12","slug":"sample-page","status":"publish","type":"page","link":"https:\/\/smaecs.com\/en\/sample-page\/","title":{"rendered":"Imprint"},"content":{"rendered":"<p><\/p>\n<h2>Imprint<\/h2>\n<p>Angaben gem\u00e4\u00df \u00a7 5 TMG<\/p>\n<p><strong>Rechtlich verantwortlich: <\/strong><br \/>smaecs GmbH <br \/>J\u00fclicher Stra\u00dfe 72a<br \/>52070 Aachen<\/p>\n<p><strong>Vertreten durch: <\/strong><br \/>Fabian Faltin<br \/>Jan-Iwo J\u00e4kel<\/p>\n<p><strong>Registergericht: <\/strong><br \/>Amtsgericht Aachen (HRB 27740)<\/p>\n<p><\/p>","protected":false},"excerpt":{"rendered":"<p>Impressum Angaben gem\u00e4\u00df \u00a7 5 TMG Rechtlich verantwortlich: smaecs GmbH J\u00fclicher Stra\u00dfe 72a52070 Aachen Vertreten durch: Fabian FaltinJan-Iwo J\u00e4kel Registergericht: Amtsgericht Aachen [&hellip;]<\/p>\n","protected":false},"author":1,"featured_media":0,"parent":0,"menu_order":0,"comment_status":"closed","ping_status":"open","template":"","meta":{"footnotes":""},"class_list":["post-2","page","type-page","status-publish","hentry"],"yoast_head":"<!-- This site is optimized with the Yoast SEO plugin v27.5 - https:\/\/yoast.com\/product\/yoast-seo-wordpress\/ -->\n<title>Impressum - smaecs<\/title>\n<meta name=\"robots\" content=\"index, follow, max-snippet:-1, max-image-preview:large, max-video-preview:-1\" \/>\n<link rel=\"canonical\" href=\"https:\/\/smaecs.com\/en\/sample-page\/\" \/>\n<meta property=\"og:locale\" content=\"en_US\" \/>\n<meta property=\"og:type\" content=\"article\" \/>\n<meta property=\"og:title\" content=\"Impressum - smaecs\" \/>\n<meta property=\"og:description\" content=\"Impressum Angaben gem\u00e4\u00df \u00a7 5 TMG Rechtlich verantwortlich: smaecs GmbH J\u00fclicher Stra\u00dfe 72a52070 Aachen Vertreten durch: Fabian FaltinJan-Iwo J\u00e4kel Registergericht: Amtsgericht Aachen [&hellip;]\" \/>\n<meta property=\"og:url\" content=\"https:\/\/smaecs.com\/en\/sample-page\/\" \/>\n<meta property=\"og:site_name\" content=\"smaecs\" \/>\n<meta property=\"article:modified_time\" content=\"2025-02-23T06:38:12+00:00\" \/>\n<meta name=\"twitter:card\" content=\"summary_large_image\" \/>\n<meta name=\"twitter:label1\" content=\"Est. reading time\" \/>\n\t<meta name=\"twitter:data1\" content=\"1 minute\" \/>\n<script type=\"application\/ld+json\" class=\"yoast-schema-graph\">{\"@context\":\"https:\\\/\\\/schema.org\",\"@graph\":[{\"@type\":\"WebPage\",\"@id\":\"https:\\\/\\\/smaecs.com\\\/de\\\/sample-page\\\/\",\"url\":\"https:\\\/\\\/smaecs.com\\\/de\\\/sample-page\\\/\",\"name\":\"Impressum - smaecs\",\"isPartOf\":{\"@id\":\"https:\\\/\\\/smaecs.com\\\/#website\"},\"datePublished\":\"2024-06-02T02:02:00+00:00\",\"dateModified\":\"2025-02-23T06:38:12+00:00\",\"breadcrumb\":{\"@id\":\"https:\\\/\\\/smaecs.com\\\/de\\\/sample-page\\\/#breadcrumb\"},\"inLanguage\":\"en-US\",\"potentialAction\":[{\"@type\":\"ReadAction\",\"target\":[\"https:\\\/\\\/smaecs.com\\\/de\\\/sample-page\\\/\"]}]},{\"@type\":\"BreadcrumbList\",\"@id\":\"https:\\\/\\\/smaecs.com\\\/de\\\/sample-page\\\/#breadcrumb\",\"itemListElement\":[{\"@type\":\"ListItem\",\"position\":1,\"name\":\"Startseite\",\"item\":\"https:\\\/\\\/smaecs.com\\\/de\\\/startseite\\\/\"},{\"@type\":\"ListItem\",\"position\":2,\"name\":\"Impressum\"}]},{\"@type\":\"WebSite\",\"@id\":\"https:\\\/\\\/smaecs.com\\\/#website\",\"url\":\"https:\\\/\\\/smaecs.com\\\/\",\"name\":\"smaecs\",\"description\":\"smart aec solutions\",\"publisher\":{\"@id\":\"https:\\\/\\\/smaecs.com\\\/#organization\"},\"potentialAction\":[{\"@type\":\"SearchAction\",\"target\":{\"@type\":\"EntryPoint\",\"urlTemplate\":\"https:\\\/\\\/smaecs.com\\\/?s={search_term_string}\"},\"query-input\":{\"@type\":\"PropertyValueSpecification\",\"valueRequired\":true,\"valueName\":\"search_term_string\"}}],\"inLanguage\":\"en-US\"},{\"@type\":\"Organization\",\"@id\":\"https:\\\/\\\/smaecs.com\\\/#organization\",\"name\":\"smaecs\",\"url\":\"https:\\\/\\\/smaecs.com\\\/\",\"logo\":{\"@type\":\"ImageObject\",\"inLanguage\":\"en-US\",\"@id\":\"https:\\\/\\\/smaecs.com\\\/#\\\/schema\\\/logo\\\/image\\\/\",\"url\":\"https:\\\/\\\/smaecs.com\\\/wp-content\\\/uploads\\\/2024\\\/06\\\/full-hd_transparent_logo_black.png\",\"contentUrl\":\"https:\\\/\\\/smaecs.com\\\/wp-content\\\/uploads\\\/2024\\\/06\\\/full-hd_transparent_logo_black.png\",\"width\":6894,\"height\":1380,\"caption\":\"smaecs\"},\"image\":{\"@id\":\"https:\\\/\\\/smaecs.com\\\/#\\\/schema\\\/logo\\\/image\\\/\"},\"sameAs\":[\"https:\\\/\\\/www.linkedin.com\\\/company\\\/102731250\\\/\"]}]}<\/script>\n<!-- \/ Yoast SEO plugin. -->","yoast_head_json":{"title":"Impressum - smaecs","robots":{"index":"index","follow":"follow","max-snippet":"max-snippet:-1","max-image-preview":"max-image-preview:large","max-video-preview":"max-video-preview:-1"},"canonical":"https:\/\/smaecs.com\/en\/sample-page\/","og_locale":"en_US","og_type":"article","og_title":"Impressum - smaecs","og_description":"Impressum Angaben gem\u00e4\u00df \u00a7 5 TMG Rechtlich verantwortlich: smaecs GmbH J\u00fclicher Stra\u00dfe 72a52070 Aachen Vertreten durch: Fabian FaltinJan-Iwo J\u00e4kel Registergericht: Amtsgericht Aachen [&hellip;]","og_url":"https:\/\/smaecs.com\/en\/sample-page\/","og_site_name":"smaecs","article_modified_time":"2025-02-23T06:38:12+00:00","twitter_card":"summary_large_image","twitter_misc":{"Est. reading time":"1 minute"},"schema":{"@context":"https:\/\/schema.org","@graph":[{"@type":"WebPage","@id":"https:\/\/smaecs.com\/de\/sample-page\/","url":"https:\/\/smaecs.com\/de\/sample-page\/","name":"Impressum - smaecs","isPartOf":{"@id":"https:\/\/smaecs.com\/#website"},"datePublished":"2024-06-02T02:02:00+00:00","dateModified":"2025-02-23T06:38:12+00:00","breadcrumb":{"@id":"https:\/\/smaecs.com\/de\/sample-page\/#breadcrumb"},"inLanguage":"en-US","potentialAction":[{"@type":"ReadAction","target":["https:\/\/smaecs.com\/de\/sample-page\/"]}]},{"@type":"BreadcrumbList","@id":"https:\/\/smaecs.com\/de\/sample-page\/#breadcrumb","itemListElement":[{"@type":"ListItem","position":1,"name":"Startseite","item":"https:\/\/smaecs.com\/de\/startseite\/"},{"@type":"ListItem","position":2,"name":"Impressum"}]},{"@type":"WebSite","@id":"https:\/\/smaecs.com\/#website","url":"https:\/\/smaecs.com\/","name":"smaecs","description":"smart aec solutions","publisher":{"@id":"https:\/\/smaecs.com\/#organization"},"potentialAction":[{"@type":"SearchAction","target":{"@type":"EntryPoint","urlTemplate":"https:\/\/smaecs.com\/?s={search_term_string}"},"query-input":{"@type":"PropertyValueSpecification","valueRequired":true,"valueName":"search_term_string"}}],"inLanguage":"en-US"},{"@type":"Organization","@id":"https:\/\/smaecs.com\/#organization","name":"smaecs","url":"https:\/\/smaecs.com\/","logo":{"@type":"ImageObject","inLanguage":"en-US","@id":"https:\/\/smaecs.com\/#\/schema\/logo\/image\/","url":"https:\/\/smaecs.com\/wp-content\/uploads\/2024\/06\/full-hd_transparent_logo_black.png","contentUrl":"https:\/\/smaecs.com\/wp-content\/uploads\/2024\/06\/full-hd_transparent_logo_black.png","width":6894,"height":1380,"caption":"smaecs"},"image":{"@id":"https:\/\/smaecs.com\/#\/schema\/logo\/image\/"},"sameAs":["https:\/\/www.linkedin.com\/company\/102731250\/"]}]}},"_links":{"self":[{"href":"https:\/\/smaecs.com\/en\/wp-json\/wp\/v2\/pages\/2","targetHints":{"allow":["GET"]}}],"collection":[{"href":"https:\/\/smaecs.com\/en\/wp-json\/wp\/v2\/pages"}],"about":[{"href":"https:\/\/smaecs.com\/en\/wp-json\/wp\/v2\/types\/page"}],"author":[{"embeddable":true,"href":"https:\/\/smaecs.com\/en\/wp-json\/wp\/v2\/users\/1"}],"replies":[{"embeddable":true,"href":"https:\/\/smaecs.com\/en\/wp-json\/wp\/v2\/comments?post=2"}],"version-history":[{"count":12,"href":"https:\/\/smaecs.com\/en\/wp-json\/wp\/v2\/pages\/2\/revisions"}],"predecessor-version":[{"id":138,"href":"https:\/\/smaecs.com\/en\/wp-json\/wp\/v2\/pages\/2\/revisions\/138"}],"wp:attachment":[{"href":"https:\/\/smaecs.com\/en\/wp-json\/wp\/v2\/media?parent=2"}],"curies":[{"name":"wp","href":"https:\/\/api.w.org\/{rel}","templated":true}]}}